{"id":236429,"date":"2026-04-15T15:31:43","date_gmt":"2026-04-15T13:31:43","guid":{"rendered":"https:\/\/dent32.sk\/?page_id=236429"},"modified":"2026-04-15T15:56:53","modified_gmt":"2026-04-15T13:56:53","slug":"vor-und-nach","status":"publish","type":"page","link":"https:\/\/dent32.sk\/de\/vor-und-nach\/","title":{"rendered":"Vor und nach"},"content":{"rendered":"<p>[et_pb_section fb_built=&#8220;1&#8243; custom_padding_last_edited=&#8220;on|phone&#8220; admin_label=&#8220;Hero&#8220; _builder_version=&#8220;4.27.5&#8243; background_color=&#8220;#000000&#8243; background_image=&#8220;https:\/\/dent32.sk\/wp-content\/uploads\/2020\/11\/AdobeStock_1490151263-1.png&#8220; width=&#8220;100%&#8220; max_width=&#8220;100%&#8220; min_height=&#8220;699px&#8220; min_height_tablet=&#8220;&#8220; min_height_phone=&#8220;&#8220; min_height_last_edited=&#8220;on|phone&#8220; custom_margin=&#8220;||||false|false&#8220; custom_padding=&#8220;200px||||false|false&#8220; custom_padding_tablet=&#8220;&#8220; custom_padding_phone=&#8220;20px||||false|false&#8220; background_color_tablet=&#8220;#000e1e&#8220; background_last_edited=&#8220;on|phone&#8220; background_enable_color_tablet=&#8220;on&#8220; background_enable_color_phone=&#8220;off&#8220; background_enable_image_tablet=&#8220;off&#8220; background_enable_image_phone=&#8220;off&#8220; background_position_phone=&#8220;center&#8220; global_colors_info=&#8220;{}&#8220; title_text_phone=&#8220;Portraits of a charming red-haired girl with a cute face. Girl posing for the camera in the city center. She has a wonderful mood and a lovely smile&#8220;][et_pb_row column_structure=&#8220;1_2,1_2&#8243; _builder_version=&#8220;4.27.5&#8243; _module_preset=&#8220;default&#8220; custom_margin=&#8220;||||false|false&#8220; custom_padding=&#8220;0px||0px||false|false&#8220; global_colors_info=&#8220;{}&#8220;][et_pb_column type=&#8220;1_2&#8243; _builder_version=&#8220;4.16&#8243; _module_preset=&#8220;default&#8220; global_colors_info=&#8220;{}&#8220;][\/et_pb_column][et_pb_column type=&#8220;1_2&#8243; _builder_version=&#8220;4.16&#8243; _module_preset=&#8220;default&#8220; global_colors_info=&#8220;{}&#8220;][et_pb_blurb title=&#8220;Perfektes L\u00e4cheln ohne Kompromisse&#8220; _builder_version=&#8220;4.27.5&#8243; _module_preset=&#8220;f85ac35a-b0aa-4c86-83ee-4e430bba8d00&#8243; body_font=&#8220;||||||||&#8220; global_colors_info=&#8220;{}&#8220;]<\/p>\n<p>Perfektes L\u00e4cheln ohne Kompromisse<\/p>\n<p>Ihr L\u00e4cheln ist mehr als nur Z\u00e4hne.<\/p>\n<p>Es ist Selbstbewusstsein, der erste Eindruck und Lebensfreude.<\/p>\n<p>Vorher und Nachher \u2013 ein Unterschied, den Sie auf den ersten Blick erkennen.<\/p>\n<p>Jedes L\u00e4cheln verdient einen neuen Anfang.<\/p>\n<p>Das k\u00f6nnte Ihr neues L\u00e4cheln sein.<\/p>\n<p>[\/et_pb_blurb][et_pb_cta button_url=&#8220;@ET-DC@eyJkeW5hbWljIjp0cnVlLCJjb250ZW50IjoicG9zdF9saW5rX3VybF9wYWdlIiwic2V0dGluZ3MiOnsicG9zdF9pZCI6IjE4MjYifX0=@&#8220; button_text=&#8220;BESTELLEN&#8220; _builder_version=&#8220;4.16&#8243; _dynamic_attributes=&#8220;button_url&#8220; header_text_align=&#8220;center&#8220; header_text_color=&#8220;#ffffff&#8220; header_font_size=&#8220;80px&#8220; body_font=&#8220;Montserrat|700|||||||&#8220; body_text_align=&#8220;center&#8220; body_text_color=&#8220;rgba(255,255,255,0.5)&#8220; body_font_size=&#8220;22px&#8220; button_text_color=&#8220;#ffd000&#8243; button_bg_color=&#8220;#000000&#8243; button_border_width=&#8220;1px&#8220; button_border_color=&#8220;#ffd000&#8243; button_letter_spacing=&#8220;3px&#8220; button_font=&#8220;porcelain|700||on|||||&#8220; module_alignment=&#8220;left&#8220; custom_padding=&#8220;||||false|false&#8220; animation_style=&#8220;zoom&#8220; animation_direction=&#8220;bottom&#8220; animation_intensity_zoom=&#8220;10%&#8220; header_font_size_phone=&#8220;50px&#8220; button_text_color_hover=&#8220;#ffffff&#8220; button_border_radius_hover=&#8220;66px&#8220; button_letter_spacing_hover=&#8220;1px&#8220; button_bg_color_hover=&#8220;rgba(47,56,84,0.9)&#8220; locked=&#8220;off&#8220; global_colors_info=&#8220;{}&#8220; button_text_size__hover_enabled=&#8220;off&#8220; button_one_text_size__hover_enabled=&#8220;off&#8220; button_two_text_size__hover_enabled=&#8220;off&#8220; button_text_color__hover_enabled=&#8220;on|desktop&#8220; button_text_color__hover=&#8220;#000000&#8243; button_one_text_color__hover_enabled=&#8220;off&#8220; button_two_text_color__hover_enabled=&#8220;off&#8220; button_border_width__hover_enabled=&#8220;off&#8220; button_one_border_width__hover_enabled=&#8220;off&#8220; button_two_border_width__hover_enabled=&#8220;off&#8220; button_border_color__hover_enabled=&#8220;off&#8220; button_one_border_color__hover_enabled=&#8220;off&#8220; button_two_border_color__hover_enabled=&#8220;off&#8220; button_border_radius__hover_enabled=&#8220;on&#8220; button_border_radius__hover=&#8220;&#8220; button_one_border_radius__hover_enabled=&#8220;off&#8220; button_two_border_radius__hover_enabled=&#8220;off&#8220; button_letter_spacing__hover_enabled=&#8220;on|hover&#8220; button_letter_spacing__hover=&#8220;3px&#8220; button_one_letter_spacing__hover_enabled=&#8220;off&#8220; button_two_letter_spacing__hover_enabled=&#8220;off&#8220; button_bg_color__hover_enabled=&#8220;on|desktop&#8220; button_bg_color__hover=&#8220;#ffd000&#8243; button_one_bg_color__hover_enabled=&#8220;off&#8220; button_two_bg_color__hover_enabled=&#8220;off&#8220; button_bg_enable_color__hover=&#8220;on&#8220;][\/et_pb_cta][et_pb_blurb _builder_version=&#8220;4.16&#8243; _module_preset=&#8220;default&#8220; header_level=&#8220;h1&#8243; header_font=&#8220;porcelain|||on|||||&#8220; header_text_color=&#8220;#ffffff&#8220; header_font_size=&#8220;50px&#8220; header_letter_spacing=&#8220;2px&#8220; header_line_height=&#8220;1.3em&#8220; body_font=&#8220;||||||||&#8220; body_text_color=&#8220;#ffffff&#8220; body_font_size=&#8220;16px&#8220; body_link_text_color=&#8220;#ffffff&#8220; width=&#8220;85%&#8220; custom_margin=&#8220;-5px||||false|false&#8220; global_colors_info=&#8220;{}&#8220;]<\/p>\n<p><a href=\"#viac\"><span style=\"text-decoration: underline;\">Weitere Ergebnisse ansehen<\/span><\/a><\/p>\n<p>[\/et_pb_blurb][\/et_pb_column][\/et_pb_row][\/et_pb_section][et_pb_section fb_built=&#8220;1&#8243; admin_label=&#8220;Services&#8220; module_id=&#8220;viac&#8220; _builder_version=&#8220;4.16&#8243; custom_padding=&#8220;0px|0px|60px|0px||&#8220; global_colors_info=&#8220;{}&#8220;][et_pb_row column_structure=&#8220;1_2,1_2&#8243; _builder_version=&#8220;4.27.5&#8243; _module_preset=&#8220;default&#8220; global_colors_info=&#8220;{}&#8220;][et_pb_column type=&#8220;1_2&#8243; _builder_version=&#8220;4.27.5&#8243; _module_preset=&#8220;default&#8220; global_colors_info=&#8220;{}&#8220;][ds_before_after_slider before_image=&#8220;https:\/\/dent32.sk\/wp-content\/uploads\/2026\/04\/PRED-01-1.jpg&#8220; after_image=&#8220;https:\/\/dent32.sk\/wp-content\/uploads\/2026\/04\/PO-01.jpg&#8220; before_label=&#8220;Vor&#8220; after_label=&#8220;Nach&#8220; before_label_bg_color=&#8220;RGBA(255,255,255,0.75)&#8220; after_label_bg_color=&#8220;RGBA(255,255,255,0.75)&#8220; _builder_version=&#8220;4.27.5&#8243; _module_preset=&#8220;default&#8220; labels_text_color=&#8220;#000000&#8243; labels_text_shadow_style=&#8220;preset5&#8243; global_colors_info=&#8220;{}&#8220;][\/ds_before_after_slider][ds_before_after_slider before_image=&#8220;https:\/\/dent32.sk\/wp-content\/uploads\/2026\/04\/pred-06.jpg&#8220; after_image=&#8220;https:\/\/dent32.sk\/wp-content\/uploads\/2026\/04\/po-06-1.jpg&#8220; before_label=&#8220;Vor&#8220; after_label=&#8220;Nach&#8220; before_label_bg_color=&#8220;RGBA(255,255,255,0.75)&#8220; after_label_bg_color=&#8220;RGBA(255,255,255,0.75)&#8220; _builder_version=&#8220;4.27.5&#8243; _module_preset=&#8220;default&#8220; labels_text_color=&#8220;#000000&#8243; labels_text_shadow_style=&#8220;preset5&#8243; global_colors_info=&#8220;{}&#8220;][\/ds_before_after_slider][ds_before_after_slider before_image=&#8220;https:\/\/dent32.sk\/wp-content\/uploads\/2026\/04\/PRED-04-1.jpg&#8220; after_image=&#8220;https:\/\/dent32.sk\/wp-content\/uploads\/2026\/04\/PO-04-1.jpg&#8220; before_label=&#8220;Vor&#8220; after_label=&#8220;Nach&#8220; before_label_bg_color=&#8220;RGBA(255,255,255,0.75)&#8220; after_label_bg_color=&#8220;RGBA(255,255,255,0.75)&#8220; _builder_version=&#8220;4.27.5&#8243; _module_preset=&#8220;default&#8220; labels_text_color=&#8220;#000000&#8243; labels_text_shadow_style=&#8220;preset5&#8243; global_colors_info=&#8220;{}&#8220;][\/ds_before_after_slider][ds_before_after_slider before_image=&#8220;https:\/\/dent32.sk\/wp-content\/uploads\/2026\/04\/pred-03.jpg&#8220; after_image=&#8220;https:\/\/dent32.sk\/wp-content\/uploads\/2026\/04\/po-03.jpg&#8220; before_label=&#8220;Vor&#8220; after_label=&#8220;Nach&#8220; before_label_bg_color=&#8220;RGBA(255,255,255,0.75)&#8220; after_label_bg_color=&#8220;RGBA(255,255,255,0.75)&#8220; _builder_version=&#8220;4.27.5&#8243; _module_preset=&#8220;default&#8220; labels_text_color=&#8220;#000000&#8243; labels_text_shadow_style=&#8220;preset5&#8243; global_colors_info=&#8220;{}&#8220;][\/ds_before_after_slider][ds_before_after_slider before_image=&#8220;https:\/\/dent32.sk\/wp-content\/uploads\/2026\/04\/pred-9.jpg&#8220; after_image=&#8220;https:\/\/dent32.sk\/wp-content\/uploads\/2026\/04\/PO-09.jpg&#8220; before_label=&#8220;Vor&#8220; after_label=&#8220;Nach&#8220; before_label_bg_color=&#8220;RGBA(255,255,255,0.75)&#8220; after_label_bg_color=&#8220;RGBA(255,255,255,0.75)&#8220; _builder_version=&#8220;4.27.5&#8243; _module_preset=&#8220;default&#8220; labels_text_color=&#8220;#000000&#8243; labels_text_shadow_style=&#8220;preset5&#8243; global_colors_info=&#8220;{}&#8220;][\/ds_before_after_slider][\/et_pb_column][et_pb_column type=&#8220;1_2&#8243; _builder_version=&#8220;4.27.5&#8243; _module_preset=&#8220;default&#8220; global_colors_info=&#8220;{}&#8220;][ds_before_after_slider before_image=&#8220;https:\/\/dent32.sk\/wp-content\/uploads\/2026\/04\/pred-01-2.jpg&#8220; after_image=&#8220;https:\/\/dent32.sk\/wp-content\/uploads\/2026\/04\/po-01-1.jpg&#8220; before_label=&#8220;Vor&#8220; after_label=&#8220;Nach&#8220; before_label_bg_color=&#8220;RGBA(255,255,255,0.75)&#8220; after_label_bg_color=&#8220;RGBA(255,255,255,0.75)&#8220; _builder_version=&#8220;4.27.5&#8243; _module_preset=&#8220;default&#8220; labels_text_color=&#8220;#000000&#8243; labels_text_shadow_style=&#8220;preset5&#8243; global_colors_info=&#8220;{}&#8220;][\/ds_before_after_slider][ds_before_after_slider before_image=&#8220;https:\/\/dent32.sk\/wp-content\/uploads\/2026\/04\/pred-07-sp-1.jpg&#8220; after_image=&#8220;https:\/\/dent32.sk\/wp-content\/uploads\/2026\/04\/po-07-sp-1.jpg&#8220; before_label=&#8220;Vor&#8220; after_label=&#8220;Nach&#8220; before_label_bg_color=&#8220;RGBA(255,255,255,0.75)&#8220; after_label_bg_color=&#8220;RGBA(255,255,255,0.75)&#8220; _builder_version=&#8220;4.27.5&#8243; _module_preset=&#8220;default&#8220; labels_text_color=&#8220;#000000&#8243; labels_text_shadow_style=&#8220;preset5&#8243; global_colors_info=&#8220;{}&#8220;][\/ds_before_after_slider][ds_before_after_slider before_image=&#8220;https:\/\/dent32.sk\/wp-content\/uploads\/2026\/04\/IMG_5912-1.jpg&#8220; after_image=&#8220;https:\/\/dent32.sk\/wp-content\/uploads\/2026\/04\/IMG_5939-1.jpg&#8220; before_label=&#8220;Vor&#8220; after_label=&#8220;Nach&#8220; before_label_bg_color=&#8220;RGBA(255,255,255,0.75)&#8220; after_label_bg_color=&#8220;RGBA(255,255,255,0.75)&#8220; _builder_version=&#8220;4.27.5&#8243; _module_preset=&#8220;default&#8220; labels_text_color=&#8220;#000000&#8243; labels_text_shadow_style=&#8220;preset5&#8243; global_colors_info=&#8220;{}&#8220;][\/ds_before_after_slider][ds_before_after_slider before_image=&#8220;https:\/\/dent32.sk\/wp-content\/uploads\/2026\/04\/pred-02-1.jpg&#8220; after_image=&#8220;https:\/\/dent32.sk\/wp-content\/uploads\/2026\/04\/po-02-1.jpg&#8220; before_label=&#8220;Vor&#8220; after_label=&#8220;Nach&#8220; before_label_bg_color=&#8220;RGBA(255,255,255,0.75)&#8220; after_label_bg_color=&#8220;RGBA(255,255,255,0.75)&#8220; _builder_version=&#8220;4.27.5&#8243; _module_preset=&#8220;default&#8220; labels_text_color=&#8220;#000000&#8243; labels_text_shadow_style=&#8220;preset5&#8243; global_colors_info=&#8220;{}&#8220;][\/ds_before_after_slider][ds_before_after_slider before_image=&#8220;https:\/\/dent32.sk\/wp-content\/uploads\/2026\/04\/PRED-05.jpg&#8220; after_image=&#8220;https:\/\/dent32.sk\/wp-content\/uploads\/2026\/04\/PO-05.jpg&#8220; before_label=&#8220;Vor&#8220; after_label=&#8220;Nach&#8220; before_label_bg_color=&#8220;RGBA(255,255,255,0.75)&#8220; after_label_bg_color=&#8220;RGBA(255,255,255,0.75)&#8220; _builder_version=&#8220;4.27.5&#8243; _module_preset=&#8220;default&#8220; labels_text_color=&#8220;#000000&#8243; labels_text_shadow_style=&#8220;preset5&#8243; global_colors_info=&#8220;{}&#8220;][\/ds_before_after_slider][\/et_pb_column][\/et_pb_row][et_pb_row _builder_version=&#8220;4.16&#8243; custom_padding=&#8220;|||&#8220; global_colors_info=&#8220;{}&#8220;][et_pb_column type=&#8220;4_4&#8243; _builder_version=&#8220;4.16&#8243; custom_padding=&#8220;|||&#8220; global_colors_info=&#8220;{}&#8220; custom_padding__hover=&#8220;|||&#8220;][et_pb_cta button_url=&#8220;@ET-DC@eyJkeW5hbWljIjp0cnVlLCJjb250ZW50IjoicG9zdF9saW5rX3VybF9wYWdlIiwic2V0dGluZ3MiOnsicG9zdF9pZCI6IjE4MjYifX0=@&#8220; button_text=&#8220;BESTELLEN&#8220; _builder_version=&#8220;4.16&#8243; _dynamic_attributes=&#8220;button_url&#8220; header_text_align=&#8220;center&#8220; header_text_color=&#8220;#ffffff&#8220; header_font_size=&#8220;80px&#8220; body_font=&#8220;Montserrat|700|||||||&#8220; body_text_align=&#8220;center&#8220; body_text_color=&#8220;rgba(255,255,255,0.5)&#8220; body_font_size=&#8220;22px&#8220; button_text_color=&#8220;#000000&#8243; button_bg_color=&#8220;#ffffff&#8220; button_border_width=&#8220;1px&#8220; button_border_color=&#8220;#000000&#8243; button_letter_spacing=&#8220;3px&#8220; button_font=&#8220;porcelain|700||on|||||&#8220; button_alignment=&#8220;center&#8220; module_alignment=&#8220;center&#8220; custom_padding=&#8220;||||false|false&#8220; animation_style=&#8220;zoom&#8220; animation_direction=&#8220;bottom&#8220; animation_intensity_zoom=&#8220;10%&#8220; header_font_size_phone=&#8220;50px&#8220; button_text_color_hover=&#8220;#ffffff&#8220; button_border_radius_hover=&#8220;66px&#8220; button_letter_spacing_hover=&#8220;1px&#8220; button_bg_color_hover=&#8220;rgba(47,56,84,0.9)&#8220; locked=&#8220;off&#8220; global_colors_info=&#8220;{}&#8220; button_text_size__hover_enabled=&#8220;off&#8220; button_one_text_size__hover_enabled=&#8220;off&#8220; button_two_text_size__hover_enabled=&#8220;off&#8220; button_text_color__hover_enabled=&#8220;on|desktop&#8220; button_text_color__hover=&#8220;#ffffff&#8220; button_one_text_color__hover_enabled=&#8220;off&#8220; button_two_text_color__hover_enabled=&#8220;off&#8220; button_border_width__hover_enabled=&#8220;off&#8220; button_one_border_width__hover_enabled=&#8220;off&#8220; button_two_border_width__hover_enabled=&#8220;off&#8220; button_border_color__hover_enabled=&#8220;off&#8220; button_one_border_color__hover_enabled=&#8220;off&#8220; button_two_border_color__hover_enabled=&#8220;off&#8220; button_border_radius__hover_enabled=&#8220;on&#8220; button_border_radius__hover=&#8220;&#8220; button_one_border_radius__hover_enabled=&#8220;off&#8220; button_two_border_radius__hover_enabled=&#8220;off&#8220; button_letter_spacing__hover_enabled=&#8220;on|hover&#8220; button_letter_spacing__hover=&#8220;3px&#8220; button_one_letter_spacing__hover_enabled=&#8220;off&#8220; button_two_letter_spacing__hover_enabled=&#8220;off&#8220; button_bg_color__hover_enabled=&#8220;on|hover&#8220; button_bg_color__hover=&#8220;#000000&#8243; button_one_bg_color__hover_enabled=&#8220;off&#8220; button_two_bg_color__hover_enabled=&#8220;off&#8220; button_bg_enable_color__hover=&#8220;on&#8220;][\/et_pb_cta][\/et_pb_column][\/et_pb_row][\/et_pb_section]<\/p>\n","protected":false},"excerpt":{"rendered":"<p>Perfektes L\u00e4cheln ohne Kompromisse Ihr L\u00e4cheln ist mehr als nur Z\u00e4hne. Es ist Selbstbewusstsein, der erste Eindruck und Lebensfreude. Vorher und Nachher \u2013 ein Unterschied, den Sie auf den ersten Blick erkennen. Jedes L\u00e4cheln verdient einen neuen Anfang. Das k\u00f6nnte Ihr neues L\u00e4cheln sein.Weitere Ergebnisse ansehen<div class=\"et_pb_module ds_before_after_slider ds_before_after_slider_0\">\n\t\t\t\t\n\t\t\t\t\n\t\t\t\t\n\t\t\t\t\n\t\t\t\t\n\t\t\t\t\n\t\t\t\t<div class=\"et_pb_module_inner\">\n\t\t\t\t\t<div class=\"ds_before_after_slider_container  triangle-handle_icon show_on_hover-overlay\" data-options=\"{&quot;before_image&quot;:&quot;&amp;#8220;https:\\\/\\\/dent32.sk\\\/wp-content\\\/uploads\\\/2026\\\/04\\\/PRED-01-1.jpg&amp;#8220;&quot;,&quot;before_image_alt&quot;:&quot;&quot;,&quot;before_label&quot;:&quot;&amp;#8220;Vor&amp;#8220;&quot;,&quot;after_image&quot;:&quot;&amp;#8220;https:\\\/\\\/dent32.sk\\\/wp-content\\\/uploads\\\/2026\\\/04\\\/PO-01.jpg&amp;#8220;&quot;,&quot;after_image_alt&quot;:&quot;&quot;,&quot;after_label&quot;:&quot;&amp;#8220;Nach&amp;#8220;&quot;,&quot;offset&quot;:&quot;50&quot;,&quot;direction&quot;:&quot;horizontal&quot;,&quot;move_slider&quot;:&quot;on_click&quot;}\">\n            <\/div>\n\t\t\t\t<\/div>\n\t\t\t<\/div><\/p>\n","protected":false},"author":9,"featured_media":0,"parent":0,"menu_order":0,"comment_status":"closed","ping_status":"closed","template":"","meta":{"_acf_changed":false,"_et_pb_use_builder":"on","_et_pb_old_content":"","_et_gb_content_width":"","footnotes":""},"folder":[],"class_list":["post-236429","page","type-page","status-publish","hentry"],"acf":[],"yoast_head":"<!-- This site is optimized with the Yoast SEO plugin v26.9 - https:\/\/yoast.com\/product\/yoast-seo-wordpress\/ -->\n<title>Vor und nach - Dent32<\/title>\n<meta name=\"robots\" content=\"index, follow, max-snippet:-1, max-image-preview:large, max-video-preview:-1\" \/>\n<link rel=\"canonical\" href=\"https:\/\/dent32.sk\/de\/vor-und-nach\/\" \/>\n<meta property=\"og:locale\" content=\"de_DE\" \/>\n<meta property=\"og:type\" content=\"article\" \/>\n<meta property=\"og:title\" content=\"Vor und nach - Dent32\" \/>\n<meta property=\"og:description\" content=\"Perfektes L\u00e4cheln ohne Kompromisse Ihr L\u00e4cheln ist mehr als nur Z\u00e4hne. Es ist Selbstbewusstsein, der erste Eindruck und Lebensfreude. Vorher und Nachher \u2013 ein Unterschied, den Sie auf den ersten Blick erkennen. Jedes L\u00e4cheln verdient einen neuen Anfang. Das k\u00f6nnte Ihr neues L\u00e4cheln sein.Weitere Ergebnisse ansehen\" \/>\n<meta property=\"og:url\" content=\"https:\/\/dent32.sk\/de\/vor-und-nach\/\" \/>\n<meta property=\"og:site_name\" content=\"Dent32\" \/>\n<meta property=\"article:publisher\" content=\"https:\/\/www.facebook.com\/dent32.bratislava\/\" \/>\n<meta property=\"article:modified_time\" content=\"2026-04-15T13:56:53+00:00\" \/>\n<meta property=\"og:image\" content=\"https:\/\/dent32.sk\/wp-content\/uploads\/2020\/11\/AdobeStock_225384784.png\" \/>\n\t<meta property=\"og:image:width\" content=\"732\" \/>\n\t<meta property=\"og:image:height\" content=\"388\" \/>\n\t<meta property=\"og:image:type\" content=\"image\/png\" \/>\n<meta name=\"twitter:card\" content=\"summary_large_image\" \/>\n<meta name=\"twitter:label1\" content=\"Gesch\u00e4tzte Lesezeit\" \/>\n\t<meta name=\"twitter:data1\" content=\"1\u00a0Minute\" \/>\n<script type=\"application\/ld+json\" class=\"yoast-schema-graph\">{\"@context\":\"https:\/\/schema.org\",\"@graph\":[{\"@type\":\"WebPage\",\"@id\":\"https:\/\/dent32.sk\/de\/vor-und-nach\/\",\"url\":\"https:\/\/dent32.sk\/de\/vor-und-nach\/\",\"name\":\"Vor und nach - Dent32\",\"isPartOf\":{\"@id\":\"https:\/\/dent32.sk\/de\/#website\"},\"datePublished\":\"2026-04-15T13:31:43+00:00\",\"dateModified\":\"2026-04-15T13:56:53+00:00\",\"breadcrumb\":{\"@id\":\"https:\/\/dent32.sk\/de\/vor-und-nach\/#breadcrumb\"},\"inLanguage\":\"de\",\"potentialAction\":[{\"@type\":\"ReadAction\",\"target\":[\"https:\/\/dent32.sk\/de\/vor-und-nach\/\"]}]},{\"@type\":\"BreadcrumbList\",\"@id\":\"https:\/\/dent32.sk\/de\/vor-und-nach\/#breadcrumb\",\"itemListElement\":[{\"@type\":\"ListItem\",\"position\":1,\"name\":\"Home\",\"item\":\"https:\/\/dent32.sk\/de\/\"},{\"@type\":\"ListItem\",\"position\":2,\"name\":\"Vor und nach\"}]},{\"@type\":\"WebSite\",\"@id\":\"https:\/\/dent32.sk\/de\/#website\",\"url\":\"https:\/\/dent32.sk\/de\/\",\"name\":\"Dent32\",\"description\":\"S\u00fakromn\u00e1 zubn\u00e1 klinika\",\"publisher\":{\"@id\":\"https:\/\/dent32.sk\/de\/#organization\"},\"potentialAction\":[{\"@type\":\"SearchAction\",\"target\":{\"@type\":\"EntryPoint\",\"urlTemplate\":\"https:\/\/dent32.sk\/de\/?s={search_term_string}\"},\"query-input\":{\"@type\":\"PropertyValueSpecification\",\"valueRequired\":true,\"valueName\":\"search_term_string\"}}],\"inLanguage\":\"de\"},{\"@type\":\"Organization\",\"@id\":\"https:\/\/dent32.sk\/de\/#organization\",\"name\":\"Dent32 s.r.o.\",\"url\":\"https:\/\/dent32.sk\/de\/\",\"logo\":{\"@type\":\"ImageObject\",\"inLanguage\":\"de\",\"@id\":\"https:\/\/dent32.sk\/de\/#\/schema\/logo\/image\/\",\"url\":\"https:\/\/dent32.sk\/wp-content\/uploads\/2020\/07\/logo-hlavne.png\",\"contentUrl\":\"https:\/\/dent32.sk\/wp-content\/uploads\/2020\/07\/logo-hlavne.png\",\"width\":172,\"height\":60,\"caption\":\"Dent32 s.r.o.\"},\"image\":{\"@id\":\"https:\/\/dent32.sk\/de\/#\/schema\/logo\/image\/\"},\"sameAs\":[\"https:\/\/www.facebook.com\/dent32.bratislava\/\",\"https:\/\/www.instagram.com\/dent32dentalclinic\/\",\"https:\/\/www.youtube.com\/channel\/UCSrd-btOo4V6-skKTGu3rcA\"]}]}<\/script>\n<!-- \/ Yoast SEO plugin. -->","yoast_head_json":{"title":"Vor und nach - Dent32","robots":{"index":"index","follow":"follow","max-snippet":"max-snippet:-1","max-image-preview":"max-image-preview:large","max-video-preview":"max-video-preview:-1"},"canonical":"https:\/\/dent32.sk\/de\/vor-und-nach\/","og_locale":"de_DE","og_type":"article","og_title":"Vor und nach - Dent32","og_description":"Perfektes L\u00e4cheln ohne Kompromisse Ihr L\u00e4cheln ist mehr als nur Z\u00e4hne. Es ist Selbstbewusstsein, der erste Eindruck und Lebensfreude. Vorher und Nachher \u2013 ein Unterschied, den Sie auf den ersten Blick erkennen. Jedes L\u00e4cheln verdient einen neuen Anfang. Das k\u00f6nnte Ihr neues L\u00e4cheln sein.Weitere Ergebnisse ansehen","og_url":"https:\/\/dent32.sk\/de\/vor-und-nach\/","og_site_name":"Dent32","article_publisher":"https:\/\/www.facebook.com\/dent32.bratislava\/","article_modified_time":"2026-04-15T13:56:53+00:00","og_image":[{"width":732,"height":388,"url":"https:\/\/dent32.sk\/wp-content\/uploads\/2020\/11\/AdobeStock_225384784.png","type":"image\/png"}],"twitter_card":"summary_large_image","twitter_misc":{"Gesch\u00e4tzte Lesezeit":"1\u00a0Minute"},"schema":{"@context":"https:\/\/schema.org","@graph":[{"@type":"WebPage","@id":"https:\/\/dent32.sk\/de\/vor-und-nach\/","url":"https:\/\/dent32.sk\/de\/vor-und-nach\/","name":"Vor und nach - Dent32","isPartOf":{"@id":"https:\/\/dent32.sk\/de\/#website"},"datePublished":"2026-04-15T13:31:43+00:00","dateModified":"2026-04-15T13:56:53+00:00","breadcrumb":{"@id":"https:\/\/dent32.sk\/de\/vor-und-nach\/#breadcrumb"},"inLanguage":"de","potentialAction":[{"@type":"ReadAction","target":["https:\/\/dent32.sk\/de\/vor-und-nach\/"]}]},{"@type":"BreadcrumbList","@id":"https:\/\/dent32.sk\/de\/vor-und-nach\/#breadcrumb","itemListElement":[{"@type":"ListItem","position":1,"name":"Home","item":"https:\/\/dent32.sk\/de\/"},{"@type":"ListItem","position":2,"name":"Vor und nach"}]},{"@type":"WebSite","@id":"https:\/\/dent32.sk\/de\/#website","url":"https:\/\/dent32.sk\/de\/","name":"Dent32","description":"S\u00fakromn\u00e1 zubn\u00e1 klinika","publisher":{"@id":"https:\/\/dent32.sk\/de\/#organization"},"potentialAction":[{"@type":"SearchAction","target":{"@type":"EntryPoint","urlTemplate":"https:\/\/dent32.sk\/de\/?s={search_term_string}"},"query-input":{"@type":"PropertyValueSpecification","valueRequired":true,"valueName":"search_term_string"}}],"inLanguage":"de"},{"@type":"Organization","@id":"https:\/\/dent32.sk\/de\/#organization","name":"Dent32 s.r.o.","url":"https:\/\/dent32.sk\/de\/","logo":{"@type":"ImageObject","inLanguage":"de","@id":"https:\/\/dent32.sk\/de\/#\/schema\/logo\/image\/","url":"https:\/\/dent32.sk\/wp-content\/uploads\/2020\/07\/logo-hlavne.png","contentUrl":"https:\/\/dent32.sk\/wp-content\/uploads\/2020\/07\/logo-hlavne.png","width":172,"height":60,"caption":"Dent32 s.r.o."},"image":{"@id":"https:\/\/dent32.sk\/de\/#\/schema\/logo\/image\/"},"sameAs":["https:\/\/www.facebook.com\/dent32.bratislava\/","https:\/\/www.instagram.com\/dent32dentalclinic\/","https:\/\/www.youtube.com\/channel\/UCSrd-btOo4V6-skKTGu3rcA"]}]}},"_links":{"self":[{"href":"https:\/\/dent32.sk\/de\/wp-json\/wp\/v2\/pages\/236429","targetHints":{"allow":["GET"]}}],"collection":[{"href":"https:\/\/dent32.sk\/de\/wp-json\/wp\/v2\/pages"}],"about":[{"href":"https:\/\/dent32.sk\/de\/wp-json\/wp\/v2\/types\/page"}],"author":[{"embeddable":true,"href":"https:\/\/dent32.sk\/de\/wp-json\/wp\/v2\/users\/9"}],"replies":[{"embeddable":true,"href":"https:\/\/dent32.sk\/de\/wp-json\/wp\/v2\/comments?post=236429"}],"version-history":[{"count":9,"href":"https:\/\/dent32.sk\/de\/wp-json\/wp\/v2\/pages\/236429\/revisions"}],"predecessor-version":[{"id":236451,"href":"https:\/\/dent32.sk\/de\/wp-json\/wp\/v2\/pages\/236429\/revisions\/236451"}],"wp:attachment":[{"href":"https:\/\/dent32.sk\/de\/wp-json\/wp\/v2\/media?parent=236429"}],"wp:term":[{"taxonomy":"folder","embeddable":true,"href":"https:\/\/dent32.sk\/de\/wp-json\/wp\/v2\/folder?post=236429"}],"curies":[{"name":"wp","href":"https:\/\/api.w.org\/{rel}","templated":true}]}}