{"id":3723,"date":"2021-06-23T13:21:20","date_gmt":"2021-06-23T11:21:20","guid":{"rendered":"https:\/\/dent32.sk\/?page_id=3723"},"modified":"2021-06-23T13:48:09","modified_gmt":"2021-06-23T11:48:09","slug":"registrierung","status":"publish","type":"page","link":"https:\/\/dent32.sk\/de\/registrierung\/","title":{"rendered":"Anmeldung"},"content":{"rendered":"<p>[et_pb_section fb_built=&#8220;1&#8243; custom_padding_last_edited=&#8220;on|phone&#8220; admin_label=&#8220;Hero&#8220; module_id=&#8220;top&#8220; _builder_version=&#8220;4.7.3&#8243; background_color=&#8220;#000e1e&#8220; background_enable_image=&#8220;off&#8220; custom_padding=&#8220;100px||100px||true|false&#8220; custom_padding_tablet=&#8220;&#8220; custom_padding_phone=&#8220;50px||50px||true|false&#8220; locked=&#8220;off&#8220;][et_pb_row custom_padding_last_edited=&#8220;on|phone&#8220; _builder_version=&#8220;4.4.8&#8243; background_size=&#8220;initial&#8220; background_position=&#8220;top_left&#8220; background_repeat=&#8220;repeat&#8220; max_width=&#8220;500px&#8220; custom_margin=&#8220;||||false|false&#8220; custom_padding=&#8220;0px|||||&#8220; custom_padding_tablet=&#8220;&#8220; custom_padding_phone=&#8220;0px||0px||true|false&#8220;][et_pb_column type=&#8220;4_4&#8243; _builder_version=&#8220;3.25&#8243; custom_padding=&#8220;|||&#8220; custom_padding__hover=&#8220;|||&#8220;][et_pb_text _builder_version=&#8220;4.8.1&#8243; text_font=&#8220;Source Sans Pro||||||||&#8220; text_text_color=&#8220;rgba(255,255,255,0.75)&#8220; header_2_font=&#8220;porcelain|||on|||||&#8220; header_2_text_color=&#8220;#ffffff&#8220; header_3_font=&#8220;porcelain|||on|||||&#8220; header_3_text_color=&#8220;#ffffff&#8220; header_3_font_size=&#8220;46px&#8220; header_3_letter_spacing=&#8220;2px&#8220; max_width=&#8220;700px&#8220; module_alignment=&#8220;center&#8220; custom_margin=&#8220;||30px||false|false&#8220; hover_enabled=&#8220;0&#8243; header_2_font_size_tablet=&#8220;&#8220; header_2_font_size_phone=&#8220;50px&#8220; header_2_font_size_last_edited=&#8220;on|phone&#8220; saved_tabs=&#8220;all&#8220; locked=&#8220;off&#8220; sticky_enabled=&#8220;0&#8243;]<\/p>\n<h3>RESERVIEREN SIE HIER<\/h3>\n<p>Geben Sie Ihre Daten ein und wir werden Sie kontaktieren. Sollten Ihnen die Formulare nicht gefallen, rufen Sie uns an Werktagen von 9:00 bis 17:00 Uhr unter folgenden Telefonnummern an:<\/p>\n<p>[\/et_pb_text][et_pb_blurb use_icon=&#8220;on&#8220; font_icon=&#8220;%%104%%&#8220; icon_color=&#8220;#ffffff&#8220; icon_placement=&#8220;left&#8220; content_max_width=&#8220;200px&#8220; use_icon_font_size=&#8220;on&#8220; icon_font_size=&#8220;27px&#8220; _builder_version=&#8220;4.7.3&#8243; _module_preset=&#8220;default&#8220; body_text_color=&#8220;#ffffff&#8220; body_font_size=&#8220;17px&#8220; body_link_font=&#8220;porcelain||||||||&#8220; body_link_text_color=&#8220;#ffffff&#8220; module_alignment=&#8220;center&#8220; custom_margin=&#8220;||||false|false&#8220; saved_tabs=&#8220;all&#8220;]<a href=\"tel:+421901777387\" title=\"+421&nbsp;901&nbsp;777&nbsp;387\"><strong>+421&nbsp;901&nbsp;777&nbsp;387<\/strong><\/a><\/p>\n<div class=\"col-lg-3 col-md-6 col-sm-6 col-xs-12 \">\n<div class=\"top_info_box\">\n<div class=\"text\"><\/div>\n<\/div>\n<\/div>\n<p>[\/et_pb_blurb][et_pb_blurb use_icon=&#8220;on&#8220; font_icon=&#8220;%%264%%&#8220; icon_color=&#8220;#ffffff&#8220; icon_placement=&#8220;left&#8220; content_max_width=&#8220;200px&#8220; use_icon_font_size=&#8220;on&#8220; icon_font_size=&#8220;27px&#8220; _builder_version=&#8220;4.7.3&#8243; _module_preset=&#8220;default&#8220; body_text_align=&#8220;center&#8220; body_text_color=&#8220;#ffffff&#8220; body_font_size=&#8220;17px&#8220; body_link_font=&#8220;porcelain||||||||&#8220; body_link_text_color=&#8220;#ffffff&#8220; module_alignment=&#8220;center&#8220; custom_margin=&#8220;||||false|false&#8220; saved_tabs=&#8220;all&#8220;]<a href=\"tel:+421220749579\"><strong>+421&nbsp;2&nbsp;2074&nbsp;9579<\/strong><\/a><\/p>\n<div class=\"col-lg-3 col-md-6 col-sm-6 col-xs-12 \">\n<div class=\"top_info_box\">\n<div class=\"text\"><\/div>\n<\/div>\n<\/div>\n<p>[\/et_pb_blurb][et_pb_wpt_gravityform gravityform_id=&#8220;gf-15&#8243; title=&#8220;off&#8220; description=&#8220;off&#8220; ajax=&#8220;on&#8220; input_container_custom_margin=&#8220;0px|0|0|0|false|false&#8220; checkbox_radio_field_custom_margin=&#8220;8px|0|8px||false|false&#8220; checkbox_radio_field_custom_padding=&#8220;5px||5px||true|true&#8220; title_custom_margin=&#8220;0px|0|0px|0|true|false&#8220; text_input_custom_padding_tablet=&#8220;&#8220; text_input_custom_padding_phone=&#8220;10px||10px||true|false&#8220; text_input_custom_padding_last_edited=&#8220;on|tablet&#8220; _builder_version=&#8220;4.8.1&#8243; _module_preset=&#8220;default&#8220; title_font=&#8220;Source Sans Pro|700|||||||&#8220; checkbox_radio_field_font_size=&#8220;16px&#8220; checkbox_radio_field_line_height=&#8220;1em&#8220; progress_bar_title_font=&#8220;||||||||&#8220; progress_bar_title_font_size=&#8220;0px&#8220; custom_form_button=&#8220;on&#8220; form_button_text_size=&#8220;16px&#8220; form_button_text_color=&#8220;#ffd000&#8243; form_button_border_width=&#8220;1px&#8220; form_button_border_radius=&#8220;25px&#8220; form_button_letter_spacing=&#8220;2px&#8220; form_button_font=&#8220;porcelain|700||on|||||&#8220; form_button_alignment=&#8220;center&#8220; hover_enabled=&#8220;0&#8243; border_radii_input_general=&#8220;on|30px|30px|30px|30px&#8220; border_width_all_input_general=&#8220;0px&#8220; form_button_bg_color__hover_enabled=&#8220;on|desktop&#8220; form_button_bg_color__hover=&#8220;#ffd000&#8243; form_button_bg_enable_color__hover=&#8220;on&#8220; form_button_text_color__hover_enabled=&#8220;on|hover&#8220; form_button_text_color__hover=&#8220;#000000&#8243; sticky_enabled=&#8220;0&#8243;][\/et_pb_wpt_gravityform][\/et_pb_column][\/et_pb_row][\/et_pb_section]<\/p>\n","protected":false},"excerpt":{"rendered":"<p>RESERVIEREN SIE HIER Geben Sie Ihre Daten ein und wir werden Sie kontaktieren. Sollten Ihnen die Formulare nicht gefallen, rufen Sie uns an Werktagen von 9:00 bis 17:00 Uhr unter folgenden Telefonnummern an: +421&nbsp;901&nbsp;777&nbsp;387 +421&nbsp;2&nbsp;2074&nbsp;9579<\/p>\n","protected":false},"author":12,"featured_media":0,"parent":0,"menu_order":0,"comment_status":"closed","ping_status":"closed","template":"","meta":{"_acf_changed":false,"_et_pb_use_builder":"on","_et_pb_old_content":"[et_pb_section fb_built=\"1\" custom_padding_last_edited=\"on|phone\" admin_label=\"Hero\" module_id=\"top\" _builder_version=\"4.7.3\" background_color=\"#000e1e\" background_enable_image=\"off\" custom_padding=\"100px||100px||true|false\" custom_padding_tablet=\"\" custom_padding_phone=\"50px||50px||true|false\" locked=\"off\"][et_pb_row custom_padding_last_edited=\"on|phone\" _builder_version=\"4.4.8\" background_size=\"initial\" background_position=\"top_left\" background_repeat=\"repeat\" max_width=\"500px\" custom_margin=\"||||false|false\" custom_padding=\"0px|||||\" custom_padding_tablet=\"\" custom_padding_phone=\"0px||0px||true|false\"][et_pb_column type=\"4_4\" _builder_version=\"3.25\" custom_padding=\"|||\" custom_padding__hover=\"|||\"][et_pb_text _builder_version=\"4.7.3\" text_font=\"Source Sans Pro||||||||\" text_text_color=\"rgba(255,255,255,0.75)\" header_2_font=\"porcelain|||on|||||\" header_2_text_color=\"#ffffff\" header_3_font=\"porcelain|||on|||||\" header_3_text_color=\"#ffffff\" header_3_font_size=\"46px\" header_3_letter_spacing=\"2px\" max_width=\"700px\" module_alignment=\"center\" custom_margin=\"||30px||false|false\" hover_enabled=\"0\" header_2_font_size_tablet=\"\" header_2_font_size_phone=\"50px\" header_2_font_size_last_edited=\"on|phone\" locked=\"off\" sticky_enabled=\"0\" global_module=\"3130\" saved_tabs=\"all\"]\n<h3>Objednajte sa<\/h3>\nVypl\u0148te va\u0161e \u00fadaje a my sa v\u00e1m ozveme. Ak nem\u00e1te radi formul\u00e1re, zavolajte n\u00e1m cez pracovn\u00e9 dni v \u010dase od 9:00 do 17:00 na tieto telef\u00f3nne \u010d\u00edsla:\n\n[\/et_pb_text][et_pb_blurb _builder_version=\"4.7.3\" _module_preset=\"default\" use_icon=\"on\" font_icon=\"%%104%%\" icon_placement=\"left\" icon_color=\"#ffffff\" body_text_color=\"#ffffff\" body_font_size=\"17px\" use_icon_font_size=\"on\" icon_font_size=\"27px\" hover_enabled=\"0\" sticky_enabled=\"0\" module_alignment=\"center\" custom_margin=\"||||false|false\" body_link_text_color=\"#ffffff\" body_link_font=\"porcelain||||||||\" content_max_width=\"200px\" global_module=\"3127\" saved_tabs=\"all\"]\n\n<a href=\"tel:+421901777387\" title=\"+421&nbsp;901&nbsp;777&nbsp;387\"><strong>+421&nbsp;901&nbsp;777&nbsp;387<\/strong><\/a>\n<div class=\"col-lg-3 col-md-6 col-sm-6 col-xs-12 \">\n<div class=\"top_info_box\">\n<div class=\"text\"><\/div>\n<\/div>\n<\/div>\n[\/et_pb_blurb][et_pb_blurb _builder_version=\"4.7.3\" _module_preset=\"default\" use_icon=\"on\" font_icon=\"%%264%%\" icon_placement=\"left\" icon_color=\"#ffffff\" body_text_color=\"#ffffff\" body_font_size=\"17px\" use_icon_font_size=\"on\" icon_font_size=\"27px\" hover_enabled=\"0\" sticky_enabled=\"0\" module_alignment=\"center\" body_text_align=\"center\" custom_margin=\"||||false|false\" body_link_text_color=\"#ffffff\" body_link_font=\"porcelain||||||||\" content_max_width=\"200px\" global_module=\"3129\" saved_tabs=\"all\"]\n\n<a href=\"tel:+421220749579\"><strong>+421&nbsp;2&nbsp;2074&nbsp;9579<\/strong><\/a>\n<div class=\"col-lg-3 col-md-6 col-sm-6 col-xs-12 \">\n<div class=\"top_info_box\">\n<div class=\"text\"><\/div>\n<\/div>\n<\/div>\n[\/et_pb_blurb][et_pb_wpt_gravityform gravityform_id=\"gf-5\" title=\"off\" description=\"off\" ajax=\"on\" input_container_custom_margin=\"0px|0|0|0|false|false\" checkbox_radio_field_custom_margin=\"8px|0|8px||false|false\" checkbox_radio_field_custom_padding=\"5px||5px||true|true\" title_custom_margin=\"0px|0|0px|0|true|false\" text_input_custom_padding_tablet=\"\" text_input_custom_padding_phone=\"10px||10px||true|false\" text_input_custom_padding_last_edited=\"on|tablet\" _builder_version=\"4.7.3\" _module_preset=\"default\" title_font=\"Source Sans Pro|700|||||||\" checkbox_radio_field_font_size=\"16px\" checkbox_radio_field_line_height=\"1em\" progress_bar_title_font=\"||||||||\" progress_bar_title_font_size=\"0px\" custom_form_button=\"on\" form_button_text_size=\"16px\" form_button_text_color=\"#ffd000\" form_button_border_width=\"1px\" form_button_border_radius=\"25px\" form_button_letter_spacing=\"2px\" form_button_font=\"porcelain|700||on|||||\" form_button_alignment=\"center\" border_radii_input_general=\"on|30px|30px|30px|30px\" border_width_all_input_general=\"0px\" form_button_bg_color__hover_enabled=\"on|desktop\" form_button_bg_color__hover=\"#ffd000\" form_button_bg_enable_color__hover=\"on\" form_button_text_color__hover_enabled=\"on|hover\" form_button_text_color__hover=\"#000000\"][\/et_pb_wpt_gravityform][\/et_pb_column][\/et_pb_row][\/et_pb_section]","_et_gb_content_width":"","footnotes":""},"folder":[47],"class_list":["post-3723","page","type-page","status-publish","hentry"],"acf":[],"yoast_head":"<!-- This site is optimized with the Yoast SEO plugin v26.9 - https:\/\/yoast.com\/product\/yoast-seo-wordpress\/ -->\n<title>Anmeldung - Dent32<\/title>\n<meta name=\"robots\" content=\"index, follow, max-snippet:-1, max-image-preview:large, max-video-preview:-1\" \/>\n<link rel=\"canonical\" href=\"https:\/\/dent32.sk\/de\/registrierung\/\" \/>\n<meta property=\"og:locale\" content=\"de_DE\" \/>\n<meta property=\"og:type\" content=\"article\" \/>\n<meta property=\"og:title\" content=\"Anmeldung - Dent32\" \/>\n<meta property=\"og:description\" content=\"RESERVIEREN SIE HIER Geben Sie Ihre Daten ein und wir werden Sie kontaktieren. Sollten Ihnen die Formulare nicht gefallen, rufen Sie uns an Werktagen von 9:00 bis 17:00 Uhr unter folgenden Telefonnummern an: +421&nbsp;901&nbsp;777&nbsp;387 +421&nbsp;2&nbsp;2074&nbsp;9579\" \/>\n<meta property=\"og:url\" content=\"https:\/\/dent32.sk\/de\/registrierung\/\" \/>\n<meta property=\"og:site_name\" content=\"Dent32\" \/>\n<meta property=\"article:publisher\" content=\"https:\/\/www.facebook.com\/dent32.bratislava\/\" \/>\n<meta property=\"article:modified_time\" content=\"2021-06-23T11:48:09+00:00\" \/>\n<meta property=\"og:image\" content=\"https:\/\/dent32.sk\/wp-content\/uploads\/2020\/11\/AdobeStock_225384784.png\" \/>\n\t<meta property=\"og:image:width\" content=\"732\" \/>\n\t<meta property=\"og:image:height\" content=\"388\" \/>\n\t<meta property=\"og:image:type\" content=\"image\/png\" \/>\n<meta name=\"twitter:card\" content=\"summary_large_image\" \/>\n<meta name=\"twitter:label1\" content=\"Gesch\u00e4tzte Lesezeit\" \/>\n\t<meta name=\"twitter:data1\" content=\"1\u00a0Minute\" \/>\n<script type=\"application\/ld+json\" class=\"yoast-schema-graph\">{\"@context\":\"https:\/\/schema.org\",\"@graph\":[{\"@type\":\"WebPage\",\"@id\":\"https:\/\/dent32.sk\/de\/registrierung\/\",\"url\":\"https:\/\/dent32.sk\/de\/registrierung\/\",\"name\":\"Anmeldung - Dent32\",\"isPartOf\":{\"@id\":\"https:\/\/dent32.sk\/de\/#website\"},\"datePublished\":\"2021-06-23T11:21:20+00:00\",\"dateModified\":\"2021-06-23T11:48:09+00:00\",\"breadcrumb\":{\"@id\":\"https:\/\/dent32.sk\/de\/registrierung\/#breadcrumb\"},\"inLanguage\":\"de\",\"potentialAction\":[{\"@type\":\"ReadAction\",\"target\":[\"https:\/\/dent32.sk\/de\/registrierung\/\"]}]},{\"@type\":\"BreadcrumbList\",\"@id\":\"https:\/\/dent32.sk\/de\/registrierung\/#breadcrumb\",\"itemListElement\":[{\"@type\":\"ListItem\",\"position\":1,\"name\":\"Home\",\"item\":\"https:\/\/dent32.sk\/de\/\"},{\"@type\":\"ListItem\",\"position\":2,\"name\":\"Anmeldung\"}]},{\"@type\":\"WebSite\",\"@id\":\"https:\/\/dent32.sk\/de\/#website\",\"url\":\"https:\/\/dent32.sk\/de\/\",\"name\":\"Dent32\",\"description\":\"S\u00fakromn\u00e1 zubn\u00e1 klinika\",\"publisher\":{\"@id\":\"https:\/\/dent32.sk\/de\/#organization\"},\"potentialAction\":[{\"@type\":\"SearchAction\",\"target\":{\"@type\":\"EntryPoint\",\"urlTemplate\":\"https:\/\/dent32.sk\/de\/?s={search_term_string}\"},\"query-input\":{\"@type\":\"PropertyValueSpecification\",\"valueRequired\":true,\"valueName\":\"search_term_string\"}}],\"inLanguage\":\"de\"},{\"@type\":\"Organization\",\"@id\":\"https:\/\/dent32.sk\/de\/#organization\",\"name\":\"Dent32 s.r.o.\",\"url\":\"https:\/\/dent32.sk\/de\/\",\"logo\":{\"@type\":\"ImageObject\",\"inLanguage\":\"de\",\"@id\":\"https:\/\/dent32.sk\/de\/#\/schema\/logo\/image\/\",\"url\":\"https:\/\/dent32.sk\/wp-content\/uploads\/2020\/07\/logo-hlavne.png\",\"contentUrl\":\"https:\/\/dent32.sk\/wp-content\/uploads\/2020\/07\/logo-hlavne.png\",\"width\":172,\"height\":60,\"caption\":\"Dent32 s.r.o.\"},\"image\":{\"@id\":\"https:\/\/dent32.sk\/de\/#\/schema\/logo\/image\/\"},\"sameAs\":[\"https:\/\/www.facebook.com\/dent32.bratislava\/\",\"https:\/\/www.instagram.com\/dent32dentalclinic\/\",\"https:\/\/www.youtube.com\/channel\/UCSrd-btOo4V6-skKTGu3rcA\"]}]}<\/script>\n<!-- \/ Yoast SEO plugin. -->","yoast_head_json":{"title":"Anmeldung - Dent32","robots":{"index":"index","follow":"follow","max-snippet":"max-snippet:-1","max-image-preview":"max-image-preview:large","max-video-preview":"max-video-preview:-1"},"canonical":"https:\/\/dent32.sk\/de\/registrierung\/","og_locale":"de_DE","og_type":"article","og_title":"Anmeldung - Dent32","og_description":"RESERVIEREN SIE HIER Geben Sie Ihre Daten ein und wir werden Sie kontaktieren. Sollten Ihnen die Formulare nicht gefallen, rufen Sie uns an Werktagen von 9:00 bis 17:00 Uhr unter folgenden Telefonnummern an: +421&nbsp;901&nbsp;777&nbsp;387 +421&nbsp;2&nbsp;2074&nbsp;9579","og_url":"https:\/\/dent32.sk\/de\/registrierung\/","og_site_name":"Dent32","article_publisher":"https:\/\/www.facebook.com\/dent32.bratislava\/","article_modified_time":"2021-06-23T11:48:09+00:00","og_image":[{"width":732,"height":388,"url":"https:\/\/dent32.sk\/wp-content\/uploads\/2020\/11\/AdobeStock_225384784.png","type":"image\/png"}],"twitter_card":"summary_large_image","twitter_misc":{"Gesch\u00e4tzte Lesezeit":"1\u00a0Minute"},"schema":{"@context":"https:\/\/schema.org","@graph":[{"@type":"WebPage","@id":"https:\/\/dent32.sk\/de\/registrierung\/","url":"https:\/\/dent32.sk\/de\/registrierung\/","name":"Anmeldung - Dent32","isPartOf":{"@id":"https:\/\/dent32.sk\/de\/#website"},"datePublished":"2021-06-23T11:21:20+00:00","dateModified":"2021-06-23T11:48:09+00:00","breadcrumb":{"@id":"https:\/\/dent32.sk\/de\/registrierung\/#breadcrumb"},"inLanguage":"de","potentialAction":[{"@type":"ReadAction","target":["https:\/\/dent32.sk\/de\/registrierung\/"]}]},{"@type":"BreadcrumbList","@id":"https:\/\/dent32.sk\/de\/registrierung\/#breadcrumb","itemListElement":[{"@type":"ListItem","position":1,"name":"Home","item":"https:\/\/dent32.sk\/de\/"},{"@type":"ListItem","position":2,"name":"Anmeldung"}]},{"@type":"WebSite","@id":"https:\/\/dent32.sk\/de\/#website","url":"https:\/\/dent32.sk\/de\/","name":"Dent32","description":"S\u00fakromn\u00e1 zubn\u00e1 klinika","publisher":{"@id":"https:\/\/dent32.sk\/de\/#organization"},"potentialAction":[{"@type":"SearchAction","target":{"@type":"EntryPoint","urlTemplate":"https:\/\/dent32.sk\/de\/?s={search_term_string}"},"query-input":{"@type":"PropertyValueSpecification","valueRequired":true,"valueName":"search_term_string"}}],"inLanguage":"de"},{"@type":"Organization","@id":"https:\/\/dent32.sk\/de\/#organization","name":"Dent32 s.r.o.","url":"https:\/\/dent32.sk\/de\/","logo":{"@type":"ImageObject","inLanguage":"de","@id":"https:\/\/dent32.sk\/de\/#\/schema\/logo\/image\/","url":"https:\/\/dent32.sk\/wp-content\/uploads\/2020\/07\/logo-hlavne.png","contentUrl":"https:\/\/dent32.sk\/wp-content\/uploads\/2020\/07\/logo-hlavne.png","width":172,"height":60,"caption":"Dent32 s.r.o."},"image":{"@id":"https:\/\/dent32.sk\/de\/#\/schema\/logo\/image\/"},"sameAs":["https:\/\/www.facebook.com\/dent32.bratislava\/","https:\/\/www.instagram.com\/dent32dentalclinic\/","https:\/\/www.youtube.com\/channel\/UCSrd-btOo4V6-skKTGu3rcA"]}]}},"_links":{"self":[{"href":"https:\/\/dent32.sk\/de\/wp-json\/wp\/v2\/pages\/3723","targetHints":{"allow":["GET"]}}],"collection":[{"href":"https:\/\/dent32.sk\/de\/wp-json\/wp\/v2\/pages"}],"about":[{"href":"https:\/\/dent32.sk\/de\/wp-json\/wp\/v2\/types\/page"}],"author":[{"embeddable":true,"href":"https:\/\/dent32.sk\/de\/wp-json\/wp\/v2\/users\/12"}],"replies":[{"embeddable":true,"href":"https:\/\/dent32.sk\/de\/wp-json\/wp\/v2\/comments?post=3723"}],"version-history":[{"count":4,"href":"https:\/\/dent32.sk\/de\/wp-json\/wp\/v2\/pages\/3723\/revisions"}],"predecessor-version":[{"id":236174,"href":"https:\/\/dent32.sk\/de\/wp-json\/wp\/v2\/pages\/3723\/revisions\/236174"}],"wp:attachment":[{"href":"https:\/\/dent32.sk\/de\/wp-json\/wp\/v2\/media?parent=3723"}],"wp:term":[{"taxonomy":"folder","embeddable":true,"href":"https:\/\/dent32.sk\/de\/wp-json\/wp\/v2\/folder?post=3723"}],"curies":[{"name":"wp","href":"https:\/\/api.w.org\/{rel}","templated":true}]}}