{"id":3847,"date":"2021-06-29T19:07:14","date_gmt":"2021-06-29T17:07:14","guid":{"rendered":"https:\/\/dent32.sk\/?page_id=3847"},"modified":"2021-06-29T19:11:41","modified_gmt":"2021-06-29T17:11:41","slug":"kontakt","status":"publish","type":"page","link":"https:\/\/dent32.sk\/de\/kontakt\/","title":{"rendered":"Kontakt"},"content":{"rendered":"<p>[et_pb_section fb_built=&#8220;1&#8243; admin_label=&#8220;Contact&#8220; _builder_version=&#8220;4.7.3&#8243; background_color=&#8220;#000e1e&#8220; custom_padding=&#8220;50px|0px|0px|0px|false|false&#8220; locked=&#8220;off&#8220;][et_pb_row column_structure=&#8220;1_2,1_2&#8243; custom_padding_last_edited=&#8220;on|phone&#8220; _builder_version=&#8220;4.6.0&#8243; background_size=&#8220;initial&#8220; background_position=&#8220;top_left&#8220; background_repeat=&#8220;repeat&#8220; custom_margin=&#8220;||||false|false&#8220; custom_padding=&#8220;0px||2px|||&#8220; custom_padding_tablet=&#8220;&#8220; custom_padding_phone=&#8220;0px||0px||true|false&#8220; locked=&#8220;off&#8220;][et_pb_column type=&#8220;1_2&#8243; _builder_version=&#8220;3.25&#8243; custom_padding=&#8220;|||&#8220; custom_padding__hover=&#8220;|||&#8220;][et_pb_blurb title=&#8220;Kontakt&#8220; _builder_version=&#8220;4.8.1&#8243; _module_preset=&#8220;dba6e26d-1266-46c3-bc29-f3945da35740&#8243; header_text_align=&#8220;left&#8220; body_text_align=&#8220;left&#8220; body_link_text_align=&#8220;left&#8220; body_link_text_color=&#8220;rgba(255,255,255,0.75)&#8220; module_alignment=&#8220;left&#8220; hover_enabled=&#8220;0&#8243; locked=&#8220;off&#8220; body_font=&#8220;|500|||||||&#8220; sticky_enabled=&#8220;0&#8243;]<\/p>\n<p><a href=\"tel:+421901777387\">+421&nbsp;901&nbsp;777&nbsp;387<br \/> <\/a><a href=\"tel:+421220749579\">+421&nbsp;2&nbsp;2074&nbsp;9579<br \/> <\/a><a href=\"mailto:dent32@dent32.sk\">dent32@dent32.sk<\/a><\/p>\n<p>[\/et_pb_blurb][et_pb_blurb title=&#8220;\u00d6FFNUNGSZEITEN&#8220; _builder_version=&#8220;4.8.1&#8243; _module_preset=&#8220;dba6e26d-1266-46c3-bc29-f3945da35740&#8243; header_text_align=&#8220;left&#8220; body_text_align=&#8220;left&#8220; module_alignment=&#8220;left&#8220; hover_enabled=&#8220;0&#8243; locked=&#8220;off&#8220; body_font=&#8220;|500|||||||&#8220; sticky_enabled=&#8220;0&#8243;]<\/p>\n<p><span style=\"font-weight: 400;\">Mo-Fr\u00a0<\/span>9:00 &#8211; 17:00<\/p>\n<p>[\/et_pb_blurb][et_pb_blurb title=&#8220;WO FINDEN SIE UNS&#8220; _builder_version=&#8220;4.8.1&#8243; _module_preset=&#8220;dba6e26d-1266-46c3-bc29-f3945da35740&#8243; header_text_align=&#8220;left&#8220; body_text_align=&#8220;left&#8220; module_alignment=&#8220;left&#8220; hover_enabled=&#8220;0&#8243; locked=&#8220;off&#8220; body_font=&#8220;|500|||||||&#8220; sticky_enabled=&#8220;0&#8243;]<\/p>\n<p>\u017dlt\u00e1 2, 2\/a, Slne\u010dnice Ju\u017en\u00e9 Mesto<br \/> 851&nbsp;07 Bratislava &#8211; Petr\u017ealka<br \/>Slovakia<\/p>\n<p>[\/et_pb_blurb][\/et_pb_column][et_pb_column type=&#8220;1_2&#8243; _builder_version=&#8220;3.25&#8243; custom_padding=&#8220;|||&#8220; custom_padding__hover=&#8220;|||&#8220;][et_pb_blurb title=&#8220;KONTAKTIEREN SIE UNS&#8220; _builder_version=&#8220;4.8.1&#8243; _module_preset=&#8220;dba6e26d-1266-46c3-bc29-f3945da35740&#8243; header_text_align=&#8220;left&#8220; module_alignment=&#8220;left&#8220; hover_enabled=&#8220;0&#8243; locked=&#8220;off&#8220; sticky_enabled=&#8220;0&#8243;][\/et_pb_blurb][et_pb_wpt_gravityform gravityform_id=&#8220;gf-16&#8243; title=&#8220;off&#8220; description=&#8220;off&#8220; input_container_custom_margin=&#8220;0px|0|0|0|false|false&#8220; text_input_bg_color=&#8220;#ffffff&#8220; title_custom_margin=&#8220;0px|0|0px|0|true|false&#8220; text_input_custom_padding_tablet=&#8220;&#8220; text_input_custom_padding_phone=&#8220;10px||10px||true|false&#8220; text_input_custom_padding_last_edited=&#8220;on|tablet&#8220; _builder_version=&#8220;4.8.1&#8243; description_text_color=&#8220;#000000&#8243; placeholder_text_color=&#8220;#000000&#8243; custom_form_button=&#8220;on&#8220; form_button_text_size=&#8220;16px&#8220; form_button_text_color=&#8220;#ffd000&#8243; form_button_border_width=&#8220;1px&#8220; form_button_border_color=&#8220;#ffd000&#8243; form_button_border_radius=&#8220;30px&#8220; form_button_letter_spacing=&#8220;3px&#8220; form_button_font=&#8220;porcelain|700||on|||||&#8220; form_button_alignment=&#8220;left&#8220; form_button_custom_margin=&#8220;0px||||false|false&#8220; form_button_custom_padding=&#8220;||||false|false&#8220; hover_enabled=&#8220;0&#8243; border_radii_input_general=&#8220;on|30px|30px|30px|30px&#8220; border_width_all_input_general=&#8220;0px&#8220; form_button_bg_color__hover_enabled=&#8220;on|hover&#8220; form_button_bg_color__hover=&#8220;#ffd000&#8243; form_button_bg_enable_color__hover=&#8220;on&#8220; form_button_border_color__hover_enabled=&#8220;on|hover&#8220; form_button_border_color__hover=&#8220;#ffd000&#8243; form_button_text_color__hover_enabled=&#8220;on|desktop&#8220; form_button_text_color__hover=&#8220;#000e1e&#8220; sticky_enabled=&#8220;0&#8243;][\/et_pb_wpt_gravityform][\/et_pb_column][\/et_pb_row][et_pb_row _builder_version=&#8220;4.7.3&#8243; _module_preset=&#8220;default&#8220; width=&#8220;100%&#8220;][et_pb_column type=&#8220;4_4&#8243; _builder_version=&#8220;4.7.3&#8243; _module_preset=&#8220;default&#8220;][et_pb_code _builder_version=&#8220;4.8.1&#8243; _module_preset=&#8220;default&#8220;]<iframe src=\"https:\/\/www.google.com\/maps\/embed?pb=!1m18!1m12!1m3!1d2665.2107813344587!2d17.12218811572291!3d48.08687477921944!2m3!1f0!2f0!3f0!3m2!1i1024!2i768!4f13.1!3m3!1m2!1s0x476c882e16df095d%3A0xea6a7cbe8c9dd641!2sdent32%2C%20s.r.o.!5e0!3m2!1ssk!2ssk!4v1617876760882!5m2!1ssk!2ssk\" width=\"1080\" height=\"500\" style=\"border:0;\" allowfullscreen=\"\" loading=\"lazy\"><\/iframe>[\/et_pb_code][\/et_pb_column][\/et_pb_row][\/et_pb_section]<\/p>\n","protected":false},"excerpt":{"rendered":"<p>+421&nbsp;901&nbsp;777&nbsp;387 +421&nbsp;2&nbsp;2074&nbsp;9579 dent32@dent32.sk Mo-Fr\u00a09:00 &#8211; 17:00 \u017dlt\u00e1 2, 2\/a, Slne\u010dnice Ju\u017en\u00e9 Mesto 851&nbsp;07 Bratislava &#8211; Petr\u017ealkaSlovakia<\/p>\n","protected":false},"author":12,"featured_media":0,"parent":0,"menu_order":0,"comment_status":"closed","ping_status":"closed","template":"","meta":{"_acf_changed":false,"_et_pb_use_builder":"on","_et_pb_old_content":"[et_pb_section fb_built=\"1\" admin_label=\"Contact\" _builder_version=\"4.7.3\" background_color=\"#000e1e\" custom_padding=\"50px|0px|0px|0px|false|false\" locked=\"off\"][et_pb_row column_structure=\"1_2,1_2\" custom_padding_last_edited=\"on|phone\" _builder_version=\"4.6.0\" background_size=\"initial\" background_position=\"top_left\" background_repeat=\"repeat\" custom_margin=\"||||false|false\" custom_padding=\"0px||2px|||\" custom_padding_tablet=\"\" custom_padding_phone=\"0px||0px||true|false\" locked=\"off\"][et_pb_column type=\"1_2\" _builder_version=\"3.25\" custom_padding=\"|||\" custom_padding__hover=\"|||\"][et_pb_blurb title=\"Kontakt\" _builder_version=\"4.7.3\" _module_preset=\"dba6e26d-1266-46c3-bc29-f3945da35740\" header_text_align=\"left\" body_text_align=\"left\" body_link_text_align=\"left\" body_link_text_color=\"rgba(255,255,255,0.75)\" module_alignment=\"left\" locked=\"off\"]\n\n<a href=\"tel:+421901777387\">+421 901 777 387\n<\/a><a href=\"tel:+421220749579\">+421 2 2074 9579\n<\/a><a href=\"mailto:dent32@dent32.sk\">dent32@dent32.sk<\/a>\n\n[\/et_pb_blurb][et_pb_blurb title=\"Otv\u00e1racie hodiny\" _builder_version=\"4.7.3\" _module_preset=\"dba6e26d-1266-46c3-bc29-f3945da35740\" header_text_align=\"left\" body_text_align=\"left\" module_alignment=\"left\" locked=\"off\"]Pon - Pia 9:00 - 17:00[\/et_pb_blurb][et_pb_blurb title=\"Kde n\u00e1s n\u00e1jdete\" _builder_version=\"4.7.3\" _module_preset=\"dba6e26d-1266-46c3-bc29-f3945da35740\" header_text_align=\"left\" body_text_align=\"left\" module_alignment=\"left\" locked=\"off\"]\n\n\u017dlt\u00e1 2, 2\/a, Slne\u010dnice Ju\u017en\u00e9 Mesto\n851 07 Bratislava - Petr\u017ealka\n\n[\/et_pb_blurb][\/et_pb_column][et_pb_column type=\"1_2\" _builder_version=\"3.25\" custom_padding=\"|||\" custom_padding__hover=\"|||\"][et_pb_blurb title=\"Nap\u00ed\u0161te n\u00e1m\" _builder_version=\"4.7.3\" _module_preset=\"dba6e26d-1266-46c3-bc29-f3945da35740\" header_text_align=\"left\" module_alignment=\"left\" locked=\"off\"][\/et_pb_blurb][et_pb_wpt_gravityform gravityform_id=\"gf-4\" title=\"off\" description=\"off\" input_container_custom_margin=\"0px|0|0|0|false|false\" text_input_bg_color=\"#ffffff\" title_custom_margin=\"0px|0|0px|0|true|false\" text_input_custom_padding_tablet=\"\" text_input_custom_padding_phone=\"10px||10px||true|false\" text_input_custom_padding_last_edited=\"on|tablet\" _builder_version=\"4.7.3\" description_text_color=\"#000000\" placeholder_text_color=\"#000000\" custom_form_button=\"on\" form_button_text_size=\"16px\" form_button_text_color=\"#ffd000\" form_button_border_width=\"1px\" form_button_border_color=\"#ffd000\" form_button_border_radius=\"30px\" form_button_letter_spacing=\"3px\" form_button_font=\"porcelain|700||on|||||\" form_button_alignment=\"left\" form_button_custom_margin=\"0px||||false|false\" form_button_custom_padding=\"||||false|false\" border_radii_input_general=\"on|30px|30px|30px|30px\" border_width_all_input_general=\"0px\" form_button_bg_color__hover_enabled=\"on|hover\" form_button_bg_color__hover=\"#ffd000\" form_button_bg_enable_color__hover=\"on\" form_button_border_color__hover_enabled=\"on|hover\" form_button_border_color__hover=\"#ffd000\" form_button_text_color__hover_enabled=\"on|desktop\" form_button_text_color__hover=\"#000e1e\"][\/et_pb_wpt_gravityform][\/et_pb_column][\/et_pb_row][et_pb_row _builder_version=\"4.7.3\" _module_preset=\"default\" width=\"100%\"][et_pb_column type=\"4_4\" _builder_version=\"4.7.3\" _module_preset=\"default\"][et_pb_code _builder_version=\"4.8.1\" _module_preset=\"default\" hover_enabled=\"0\" sticky_enabled=\"0\"]<iframe src=\"https:\/\/www.google.com\/maps\/embed?pb=!1m18!1m12!1m3!1d2665.2107813344587!2d17.12218811572291!3d48.08687477921944!2m3!1f0!2f0!3f0!3m2!1i1024!2i768!4f13.1!3m3!1m2!1s0x476c882e16df095d%3A0xea6a7cbe8c9dd641!2sdent32%2C%20s.r.o.!5e0!3m2!1ssk!2ssk!4v1617876760882!5m2!1ssk!2ssk\" width=\"1080\" height=\"500\" style=\"border:0;\" allowfullscreen=\"\" loading=\"lazy\"><\/iframe>[\/et_pb_code][\/et_pb_column][\/et_pb_row][\/et_pb_section]","_et_gb_content_width":"","footnotes":""},"folder":[47],"class_list":["post-3847","page","type-page","status-publish","hentry"],"acf":[],"yoast_head":"<!-- This site is optimized with the Yoast SEO plugin v26.9 - https:\/\/yoast.com\/product\/yoast-seo-wordpress\/ -->\n<title>Kontakt - Dent32<\/title>\n<meta name=\"robots\" content=\"index, follow, max-snippet:-1, max-image-preview:large, max-video-preview:-1\" \/>\n<link rel=\"canonical\" href=\"https:\/\/dent32.sk\/de\/kontakt\/\" \/>\n<meta property=\"og:locale\" content=\"de_DE\" \/>\n<meta property=\"og:type\" content=\"article\" \/>\n<meta property=\"og:title\" content=\"Kontakt - Dent32\" \/>\n<meta property=\"og:description\" content=\"+421 901 777 387 +421 2 2074 9579 dent32@dent32.sk Mo-Fr\u00a09:00 - 17:00 \u017dlt\u00e1 2, 2\/a, Slne\u010dnice Ju\u017en\u00e9 Mesto 851 07 Bratislava - Petr\u017ealkaSlovakia\" \/>\n<meta property=\"og:url\" content=\"https:\/\/dent32.sk\/de\/kontakt\/\" \/>\n<meta property=\"og:site_name\" content=\"Dent32\" \/>\n<meta property=\"article:publisher\" content=\"https:\/\/www.facebook.com\/dent32.bratislava\/\" \/>\n<meta property=\"article:modified_time\" content=\"2021-06-29T17:11:41+00:00\" \/>\n<meta property=\"og:image\" content=\"https:\/\/dent32.sk\/wp-content\/uploads\/2020\/11\/AdobeStock_225384784.png\" \/>\n\t<meta property=\"og:image:width\" content=\"732\" \/>\n\t<meta property=\"og:image:height\" content=\"388\" \/>\n\t<meta property=\"og:image:type\" content=\"image\/png\" \/>\n<meta name=\"twitter:card\" content=\"summary_large_image\" \/>\n<meta name=\"twitter:label1\" content=\"Gesch\u00e4tzte Lesezeit\" \/>\n\t<meta name=\"twitter:data1\" content=\"1\u00a0Minute\" \/>\n<script type=\"application\/ld+json\" class=\"yoast-schema-graph\">{\"@context\":\"https:\/\/schema.org\",\"@graph\":[{\"@type\":\"WebPage\",\"@id\":\"https:\/\/dent32.sk\/de\/kontakt\/\",\"url\":\"https:\/\/dent32.sk\/de\/kontakt\/\",\"name\":\"Kontakt - Dent32\",\"isPartOf\":{\"@id\":\"https:\/\/dent32.sk\/de\/#website\"},\"datePublished\":\"2021-06-29T17:07:14+00:00\",\"dateModified\":\"2021-06-29T17:11:41+00:00\",\"breadcrumb\":{\"@id\":\"https:\/\/dent32.sk\/de\/kontakt\/#breadcrumb\"},\"inLanguage\":\"de\",\"potentialAction\":[{\"@type\":\"ReadAction\",\"target\":[\"https:\/\/dent32.sk\/de\/kontakt\/\"]}]},{\"@type\":\"BreadcrumbList\",\"@id\":\"https:\/\/dent32.sk\/de\/kontakt\/#breadcrumb\",\"itemListElement\":[{\"@type\":\"ListItem\",\"position\":1,\"name\":\"Home\",\"item\":\"https:\/\/dent32.sk\/de\/\"},{\"@type\":\"ListItem\",\"position\":2,\"name\":\"Kontakt\"}]},{\"@type\":\"WebSite\",\"@id\":\"https:\/\/dent32.sk\/de\/#website\",\"url\":\"https:\/\/dent32.sk\/de\/\",\"name\":\"Dent32\",\"description\":\"S\u00fakromn\u00e1 zubn\u00e1 klinika\",\"publisher\":{\"@id\":\"https:\/\/dent32.sk\/de\/#organization\"},\"potentialAction\":[{\"@type\":\"SearchAction\",\"target\":{\"@type\":\"EntryPoint\",\"urlTemplate\":\"https:\/\/dent32.sk\/de\/?s={search_term_string}\"},\"query-input\":{\"@type\":\"PropertyValueSpecification\",\"valueRequired\":true,\"valueName\":\"search_term_string\"}}],\"inLanguage\":\"de\"},{\"@type\":\"Organization\",\"@id\":\"https:\/\/dent32.sk\/de\/#organization\",\"name\":\"Dent32 s.r.o.\",\"url\":\"https:\/\/dent32.sk\/de\/\",\"logo\":{\"@type\":\"ImageObject\",\"inLanguage\":\"de\",\"@id\":\"https:\/\/dent32.sk\/de\/#\/schema\/logo\/image\/\",\"url\":\"https:\/\/dent32.sk\/wp-content\/uploads\/2020\/07\/logo-hlavne.png\",\"contentUrl\":\"https:\/\/dent32.sk\/wp-content\/uploads\/2020\/07\/logo-hlavne.png\",\"width\":172,\"height\":60,\"caption\":\"Dent32 s.r.o.\"},\"image\":{\"@id\":\"https:\/\/dent32.sk\/de\/#\/schema\/logo\/image\/\"},\"sameAs\":[\"https:\/\/www.facebook.com\/dent32.bratislava\/\",\"https:\/\/www.instagram.com\/dent32dentalclinic\/\",\"https:\/\/www.youtube.com\/channel\/UCSrd-btOo4V6-skKTGu3rcA\"]}]}<\/script>\n<!-- \/ Yoast SEO plugin. -->","yoast_head_json":{"title":"Kontakt - Dent32","robots":{"index":"index","follow":"follow","max-snippet":"max-snippet:-1","max-image-preview":"max-image-preview:large","max-video-preview":"max-video-preview:-1"},"canonical":"https:\/\/dent32.sk\/de\/kontakt\/","og_locale":"de_DE","og_type":"article","og_title":"Kontakt - Dent32","og_description":"+421 901 777 387 +421 2 2074 9579 dent32@dent32.sk Mo-Fr\u00a09:00 - 17:00 \u017dlt\u00e1 2, 2\/a, Slne\u010dnice Ju\u017en\u00e9 Mesto 851 07 Bratislava - Petr\u017ealkaSlovakia","og_url":"https:\/\/dent32.sk\/de\/kontakt\/","og_site_name":"Dent32","article_publisher":"https:\/\/www.facebook.com\/dent32.bratislava\/","article_modified_time":"2021-06-29T17:11:41+00:00","og_image":[{"width":732,"height":388,"url":"https:\/\/dent32.sk\/wp-content\/uploads\/2020\/11\/AdobeStock_225384784.png","type":"image\/png"}],"twitter_card":"summary_large_image","twitter_misc":{"Gesch\u00e4tzte Lesezeit":"1\u00a0Minute"},"schema":{"@context":"https:\/\/schema.org","@graph":[{"@type":"WebPage","@id":"https:\/\/dent32.sk\/de\/kontakt\/","url":"https:\/\/dent32.sk\/de\/kontakt\/","name":"Kontakt - Dent32","isPartOf":{"@id":"https:\/\/dent32.sk\/de\/#website"},"datePublished":"2021-06-29T17:07:14+00:00","dateModified":"2021-06-29T17:11:41+00:00","breadcrumb":{"@id":"https:\/\/dent32.sk\/de\/kontakt\/#breadcrumb"},"inLanguage":"de","potentialAction":[{"@type":"ReadAction","target":["https:\/\/dent32.sk\/de\/kontakt\/"]}]},{"@type":"BreadcrumbList","@id":"https:\/\/dent32.sk\/de\/kontakt\/#breadcrumb","itemListElement":[{"@type":"ListItem","position":1,"name":"Home","item":"https:\/\/dent32.sk\/de\/"},{"@type":"ListItem","position":2,"name":"Kontakt"}]},{"@type":"WebSite","@id":"https:\/\/dent32.sk\/de\/#website","url":"https:\/\/dent32.sk\/de\/","name":"Dent32","description":"S\u00fakromn\u00e1 zubn\u00e1 klinika","publisher":{"@id":"https:\/\/dent32.sk\/de\/#organization"},"potentialAction":[{"@type":"SearchAction","target":{"@type":"EntryPoint","urlTemplate":"https:\/\/dent32.sk\/de\/?s={search_term_string}"},"query-input":{"@type":"PropertyValueSpecification","valueRequired":true,"valueName":"search_term_string"}}],"inLanguage":"de"},{"@type":"Organization","@id":"https:\/\/dent32.sk\/de\/#organization","name":"Dent32 s.r.o.","url":"https:\/\/dent32.sk\/de\/","logo":{"@type":"ImageObject","inLanguage":"de","@id":"https:\/\/dent32.sk\/de\/#\/schema\/logo\/image\/","url":"https:\/\/dent32.sk\/wp-content\/uploads\/2020\/07\/logo-hlavne.png","contentUrl":"https:\/\/dent32.sk\/wp-content\/uploads\/2020\/07\/logo-hlavne.png","width":172,"height":60,"caption":"Dent32 s.r.o."},"image":{"@id":"https:\/\/dent32.sk\/de\/#\/schema\/logo\/image\/"},"sameAs":["https:\/\/www.facebook.com\/dent32.bratislava\/","https:\/\/www.instagram.com\/dent32dentalclinic\/","https:\/\/www.youtube.com\/channel\/UCSrd-btOo4V6-skKTGu3rcA"]}]}},"_links":{"self":[{"href":"https:\/\/dent32.sk\/de\/wp-json\/wp\/v2\/pages\/3847","targetHints":{"allow":["GET"]}}],"collection":[{"href":"https:\/\/dent32.sk\/de\/wp-json\/wp\/v2\/pages"}],"about":[{"href":"https:\/\/dent32.sk\/de\/wp-json\/wp\/v2\/types\/page"}],"author":[{"embeddable":true,"href":"https:\/\/dent32.sk\/de\/wp-json\/wp\/v2\/users\/12"}],"replies":[{"embeddable":true,"href":"https:\/\/dent32.sk\/de\/wp-json\/wp\/v2\/comments?post=3847"}],"version-history":[{"count":3,"href":"https:\/\/dent32.sk\/de\/wp-json\/wp\/v2\/pages\/3847\/revisions"}],"predecessor-version":[{"id":3851,"href":"https:\/\/dent32.sk\/de\/wp-json\/wp\/v2\/pages\/3847\/revisions\/3851"}],"wp:attachment":[{"href":"https:\/\/dent32.sk\/de\/wp-json\/wp\/v2\/media?parent=3847"}],"wp:term":[{"taxonomy":"folder","embeddable":true,"href":"https:\/\/dent32.sk\/de\/wp-json\/wp\/v2\/folder?post=3847"}],"curies":[{"name":"wp","href":"https:\/\/api.w.org\/{rel}","templated":true}]}}